{"id":91956,"date":"2026-04-24T17:14:13","date_gmt":"2026-04-24T20:14:13","guid":{"rendered":"https:\/\/modamentha.com.br\/?post_type=product&#038;p=91956"},"modified":"2026-05-02T09:07:26","modified_gmt":"2026-05-02T12:07:26","slug":"jaqueta-jeans-basica","status":"publish","type":"product","link":"https:\/\/modamentha.com.br\/?product=jaqueta-jeans-basica","title":{"rendered":"Jaqueta Jeans B\u00e1sica"},"content":{"rendered":"","protected":false},"excerpt":{"rendered":"<p>Jaqueta jeans b\u00e1sica \u00e9 a pe\u00e7a indispens\u00e1vel para quem busca unir estilo, autenticidade e versatilidade em qualquer esta\u00e7\u00e3o. Com modelagem tradicional e tecido 100% algod\u00e3o.<br \/>\nPerfeita para mulheres que valorizam estilo e funcionalidade, essa jaqueta transita facilmente entre looks casuais, urbanos e at\u00e9 produ\u00e7\u00f5es mais sofisticadas. Seu acabamento de alto padr\u00e3o refor\u00e7a a qualidade da pe\u00e7a, tornando-a um item essencial no guarda-roupa feminino.<\/p>\n","protected":false},"featured_media":91949,"template":"","meta":{"spay_email":""},"supplier_id":null,"supplier_sku":"","atum_controlled":true,"out_stock_date":null,"out_stock_threshold":null,"inheritable":true,"inbound_stock":0,"stock_on_hold":0,"sold_today":null,"sales_last_days":null,"reserved_stock":0,"customer_returns":0,"warehouse_damage":0,"lost_in_post":0,"other_logs":0,"out_stock_days":null,"lost_sales":null,"has_location":false,"update_date":"2026-04-24T23:44:02","atum_locations":[],"atum_stock_status":"instock","low_stock":false,"_links":{"self":[{"href":"https:\/\/modamentha.com.br\/index.php?rest_route=\/wp\/v2\/product\/91956"}],"collection":[{"href":"https:\/\/modamentha.com.br\/index.php?rest_route=\/wp\/v2\/product"}],"about":[{"href":"https:\/\/modamentha.com.br\/index.php?rest_route=\/wp\/v2\/types\/product"}],"wp:featuredmedia":[{"embeddable":true,"href":"https:\/\/modamentha.com.br\/index.php?rest_route=\/wp\/v2\/media\/91949"}],"wp:attachment":[{"href":"https:\/\/modamentha.com.br\/index.php?rest_route=%2Fwp%2Fv2%2Fmedia&parent=91956"}],"curies":[{"name":"wp","href":"https:\/\/api.w.org\/{rel}","templated":true}]}}