{"id":91960,"date":"2026-04-24T17:21:54","date_gmt":"2026-04-24T20:21:54","guid":{"rendered":"https:\/\/modamentha.com.br\/?post_type=product&#038;p=91960"},"modified":"2026-05-04T12:50:32","modified_gmt":"2026-05-04T15:50:32","slug":"calca-jeans-tradicional-alta","status":"publish","type":"product","link":"https:\/\/modamentha.com.br\/?product=calca-jeans-tradicional-alta","title":{"rendered":"Cal\u00e7a Jeans Tradicional Alta"},"content":{"rendered":"","protected":false},"excerpt":{"rendered":"<p>Cal\u00e7a tradicional Alta Boot Cut \u00e9 a escolha ideal para mulheres que valorizam eleg\u00e2ncia atemporal, conforto e versatilidade no dia a dia. Com cintura alta e modelagem boot cut, levemente ajustada na coxa e com abertura sutil na barra<br \/>\nConfeccionada em denim premium, com composi\u00e7\u00e3o de 81% algod\u00e3o, 17% poli\u00e9ster e 2% elastano, oferece toque macio, excelente estrutura e elasticidade na medida certa, proporcionando liberdade de movimento e caimento impec\u00e1vel. A lavagem em jeans escuro refor\u00e7a o estilo cl\u00e1ssico e facilita combina\u00e7\u00f5es que v\u00e3o do look casual ao mais elegante.<\/p>\n","protected":false},"featured_media":91946,"template":"","meta":{"spay_email":""},"supplier_id":null,"supplier_sku":"","atum_controlled":true,"out_stock_date":null,"out_stock_threshold":null,"inheritable":true,"inbound_stock":0,"stock_on_hold":0,"sold_today":null,"sales_last_days":null,"reserved_stock":0,"customer_returns":0,"warehouse_damage":0,"lost_in_post":0,"other_logs":0,"out_stock_days":null,"lost_sales":null,"has_location":false,"update_date":"2026-04-24T23:43:57","atum_locations":[],"atum_stock_status":"instock","low_stock":false,"_links":{"self":[{"href":"https:\/\/modamentha.com.br\/index.php?rest_route=\/wp\/v2\/product\/91960"}],"collection":[{"href":"https:\/\/modamentha.com.br\/index.php?rest_route=\/wp\/v2\/product"}],"about":[{"href":"https:\/\/modamentha.com.br\/index.php?rest_route=\/wp\/v2\/types\/product"}],"wp:featuredmedia":[{"embeddable":true,"href":"https:\/\/modamentha.com.br\/index.php?rest_route=\/wp\/v2\/media\/91946"}],"wp:attachment":[{"href":"https:\/\/modamentha.com.br\/index.php?rest_route=%2Fwp%2Fv2%2Fmedia&parent=91960"}],"curies":[{"name":"wp","href":"https:\/\/api.w.org\/{rel}","templated":true}]}}