{"id":91966,"date":"2026-04-24T17:27:33","date_gmt":"2026-04-24T20:27:33","guid":{"rendered":"https:\/\/modamentha.com.br\/?post_type=product&#038;p=91966"},"modified":"2026-05-09T12:19:29","modified_gmt":"2026-05-09T15:19:29","slug":"calca-jeans-tradicional-alta-2","status":"publish","type":"product","link":"https:\/\/modamentha.com.br\/?product=calca-jeans-tradicional-alta-2","title":{"rendered":"Cal\u00e7a Jeans Tradicional Alta"},"content":{"rendered":"","protected":false},"excerpt":{"rendered":"<p>Cal\u00e7a jeans tradicional Alta Boot Cut \u00e9 a escolha perfeita para mulheres que buscam eleg\u00e2ncia atemporal, caimento impec\u00e1vel e m\u00e1ximo conforto. Produzida com 98% algod\u00e3o e 2% elastano, ela oferece toque macio, estrutura encorpada e elasticidade na medida certa para acompanhar seus movimentos ao longo do dia.<br \/>\nCom cintura alta que valoriza a silhueta e modelagem boot cut, ajustada at\u00e9 o joelho com abertura levemente ampliada na barra, essa cal\u00e7a alonga a perna, modela o corpo e entrega um visual sofisticado para qualquer ocasi\u00e3o.<br \/>\nA lavagem jeans escuro garante versatilidade, permitindo combina\u00e7\u00f5es modernas tanto para looks casuais quanto para produ\u00e7\u00f5es mais elegantes, perfeitas para o dia a dia, trabalho e lazer.<\/p>\n","protected":false},"featured_media":91943,"template":"","meta":{"spay_email":""},"supplier_id":null,"supplier_sku":"","atum_controlled":true,"out_stock_date":null,"out_stock_threshold":null,"inheritable":true,"inbound_stock":0,"stock_on_hold":0,"sold_today":null,"sales_last_days":null,"reserved_stock":0,"customer_returns":0,"warehouse_damage":0,"lost_in_post":0,"other_logs":0,"out_stock_days":null,"lost_sales":null,"has_location":false,"update_date":"2026-04-24T23:43:46","atum_locations":[],"atum_stock_status":"instock","low_stock":false,"_links":{"self":[{"href":"https:\/\/modamentha.com.br\/index.php?rest_route=\/wp\/v2\/product\/91966"}],"collection":[{"href":"https:\/\/modamentha.com.br\/index.php?rest_route=\/wp\/v2\/product"}],"about":[{"href":"https:\/\/modamentha.com.br\/index.php?rest_route=\/wp\/v2\/types\/product"}],"wp:featuredmedia":[{"embeddable":true,"href":"https:\/\/modamentha.com.br\/index.php?rest_route=\/wp\/v2\/media\/91943"}],"wp:attachment":[{"href":"https:\/\/modamentha.com.br\/index.php?rest_route=%2Fwp%2Fv2%2Fmedia&parent=91966"}],"curies":[{"name":"wp","href":"https:\/\/api.w.org\/{rel}","templated":true}]}}