{"id":91983,"date":"2026-04-24T17:47:18","date_gmt":"2026-04-24T20:47:18","guid":{"rendered":"https:\/\/modamentha.com.br\/?post_type=product&#038;p=91983"},"modified":"2026-05-05T15:26:52","modified_gmt":"2026-05-05T18:26:52","slug":"jaqueta-jeans-basica-2","status":"publish","type":"product","link":"https:\/\/modamentha.com.br\/?product=jaqueta-jeans-basica-2","title":{"rendered":"Jaqueta Jeans B\u00e1sica"},"content":{"rendered":"","protected":false},"excerpt":{"rendered":"<p>Jaqueta jeans \u00e9 aquela pe\u00e7a essencial que atravessa esta\u00e7\u00f5es e tend\u00eancias. Com modelagem estruturada, comprimento cl\u00e1ssico e acabamento impec\u00e1vel, ela une autenticidade, conforto e versatilidade em um \u00fanico produto.<br \/>\nProduzida em jeans 100% algod\u00e3o, oferece toque firme, caimento encorpado e alta durabilidade, caracter\u00edsticas que valorizam a silhueta e elevam qualquer composi\u00e7\u00e3o.<\/p>\n","protected":false},"featured_media":91929,"template":"","meta":{"spay_email":""},"supplier_id":null,"supplier_sku":"","atum_controlled":true,"out_stock_date":null,"out_stock_threshold":null,"inheritable":true,"inbound_stock":0,"stock_on_hold":0,"sold_today":null,"sales_last_days":null,"reserved_stock":0,"customer_returns":0,"warehouse_damage":0,"lost_in_post":0,"other_logs":0,"out_stock_days":null,"lost_sales":null,"has_location":false,"update_date":"2026-04-24T23:55:08","atum_locations":[],"atum_stock_status":"instock","low_stock":false,"_links":{"self":[{"href":"https:\/\/modamentha.com.br\/index.php?rest_route=\/wp\/v2\/product\/91983"}],"collection":[{"href":"https:\/\/modamentha.com.br\/index.php?rest_route=\/wp\/v2\/product"}],"about":[{"href":"https:\/\/modamentha.com.br\/index.php?rest_route=\/wp\/v2\/types\/product"}],"wp:featuredmedia":[{"embeddable":true,"href":"https:\/\/modamentha.com.br\/index.php?rest_route=\/wp\/v2\/media\/91929"}],"wp:attachment":[{"href":"https:\/\/modamentha.com.br\/index.php?rest_route=%2Fwp%2Fv2%2Fmedia&parent=91983"}],"curies":[{"name":"wp","href":"https:\/\/api.w.org\/{rel}","templated":true}]}}