{"id":92169,"date":"2026-04-28T18:09:53","date_gmt":"2026-04-28T21:09:53","guid":{"rendered":"https:\/\/modamentha.com.br\/?post_type=product&#038;p=92169"},"modified":"2026-05-09T14:34:29","modified_gmt":"2026-05-09T17:34:29","slug":"blusa-tule-floral-flocada","status":"publish","type":"product","link":"https:\/\/modamentha.com.br\/?product=blusa-tule-floral-flocada","title":{"rendered":"Blusa Tule Floral Flocada"},"content":{"rendered":"","protected":false},"excerpt":{"rendered":"<p>Confeccionada em tule transparente com delicado flocado floral, ela valoriza a silhueta de forma sutil e charmosa. Seu design de mangas longas e gola alta traz um ar refinado, ideal para ocasi\u00f5es especiais ou para transformar looks do dia a dia em composi\u00e7\u00f5es memor\u00e1veis.<\/p>\n","protected":false},"featured_media":92035,"template":"","meta":{"spay_email":""},"supplier_id":null,"supplier_sku":"","atum_controlled":true,"out_stock_date":null,"out_stock_threshold":null,"inheritable":true,"inbound_stock":0,"stock_on_hold":0,"sold_today":null,"sales_last_days":null,"reserved_stock":0,"customer_returns":0,"warehouse_damage":0,"lost_in_post":0,"other_logs":0,"out_stock_days":null,"lost_sales":null,"has_location":false,"update_date":"2026-04-29T01:02:22","atum_locations":[],"atum_stock_status":"instock","low_stock":false,"_links":{"self":[{"href":"https:\/\/modamentha.com.br\/index.php?rest_route=\/wp\/v2\/product\/92169"}],"collection":[{"href":"https:\/\/modamentha.com.br\/index.php?rest_route=\/wp\/v2\/product"}],"about":[{"href":"https:\/\/modamentha.com.br\/index.php?rest_route=\/wp\/v2\/types\/product"}],"wp:featuredmedia":[{"embeddable":true,"href":"https:\/\/modamentha.com.br\/index.php?rest_route=\/wp\/v2\/media\/92035"}],"wp:attachment":[{"href":"https:\/\/modamentha.com.br\/index.php?rest_route=%2Fwp%2Fv2%2Fmedia&parent=92169"}],"curies":[{"name":"wp","href":"https:\/\/api.w.org\/{rel}","templated":true}]}}