{"id":92329,"date":"2026-05-01T14:01:57","date_gmt":"2026-05-01T17:01:57","guid":{"rendered":"https:\/\/modamentha.com.br\/?post_type=product&#038;p=92329"},"modified":"2026-05-09T13:50:28","modified_gmt":"2026-05-09T16:50:28","slug":"jaqueta-gola-alta-suede","status":"publish","type":"product","link":"https:\/\/modamentha.com.br\/?product=jaqueta-gola-alta-suede","title":{"rendered":"Jaqueta Gola Alta Suede"},"content":{"rendered":"","protected":false},"excerpt":{"rendered":"<p>Jaqueta em suede. Possui gola alta vista com bot\u00e3o na gola e na barra, z\u00edper de metal destac\u00e1vel, el\u00e1stico no punho e barra, bolso lateral e forro.<\/p>\n<p>Composi\u00e7\u00e3o:<br \/>\n96% POLI\u00c9STER 4% ELASTANO | FORRO 100% POLI\u00c9STER<\/p>\n<p>MEDIDAS:<br \/>\nBusto: P:104cm |M:108cm |G:112cm<br \/>\nComprimento Manga: P:58cm |M:59cm |G:60cm<br \/>\nComprimento Total: P:56cm |M:57cm |G:58cm <\/p>\n","protected":false},"featured_media":92376,"template":"","meta":{"spay_email":""},"supplier_id":null,"supplier_sku":"","atum_controlled":true,"out_stock_date":null,"out_stock_threshold":null,"inheritable":true,"inbound_stock":0,"stock_on_hold":0,"sold_today":null,"sales_last_days":null,"reserved_stock":0,"customer_returns":0,"warehouse_damage":0,"lost_in_post":0,"other_logs":0,"out_stock_days":null,"lost_sales":null,"has_location":false,"update_date":"2026-05-01T20:12:05","atum_locations":[],"atum_stock_status":"instock","low_stock":false,"_links":{"self":[{"href":"https:\/\/modamentha.com.br\/index.php?rest_route=\/wp\/v2\/product\/92329"}],"collection":[{"href":"https:\/\/modamentha.com.br\/index.php?rest_route=\/wp\/v2\/product"}],"about":[{"href":"https:\/\/modamentha.com.br\/index.php?rest_route=\/wp\/v2\/types\/product"}],"wp:featuredmedia":[{"embeddable":true,"href":"https:\/\/modamentha.com.br\/index.php?rest_route=\/wp\/v2\/media\/92376"}],"wp:attachment":[{"href":"https:\/\/modamentha.com.br\/index.php?rest_route=%2Fwp%2Fv2%2Fmedia&parent=92329"}],"curies":[{"name":"wp","href":"https:\/\/api.w.org\/{rel}","templated":true}]}}