{"id":92386,"date":"2026-05-01T14:11:52","date_gmt":"2026-05-01T17:11:52","guid":{"rendered":"https:\/\/modamentha.com.br\/?post_type=product&#038;p=92386"},"modified":"2026-05-08T10:44:08","modified_gmt":"2026-05-08T13:44:08","slug":"regata-lenco-animal-print","status":"publish","type":"product","link":"https:\/\/modamentha.com.br\/?product=regata-lenco-animal-print","title":{"rendered":"Regata Len\u00e7o Animal Print"},"content":{"rendered":"","protected":false},"excerpt":{"rendered":"<p>Regata em chiffon estampado cobra com brilho sutil. Possui gola com faixa para amarra\u00e7\u00e3o e fechamento em bot\u00e3o nas costas.<\/p>\n<p>Composi\u00e7\u00e3o:<br \/>\n100% POLI\u00c9STER<\/p>\n<p>MEDIDAS:<br \/>\nBusto: P:95cm |M:99cm |G:103cm<br \/>\nComprimento Total: P:60cm |M:61cm |G:62cm <\/p>\n","protected":false},"featured_media":92354,"template":"","meta":{"spay_email":""},"supplier_id":null,"supplier_sku":"","atum_controlled":true,"out_stock_date":null,"out_stock_threshold":null,"inheritable":true,"inbound_stock":0,"stock_on_hold":0,"sold_today":null,"sales_last_days":null,"reserved_stock":0,"customer_returns":0,"warehouse_damage":0,"lost_in_post":0,"other_logs":0,"out_stock_days":null,"lost_sales":null,"has_location":false,"update_date":"2026-05-01T20:12:01","atum_locations":[],"atum_stock_status":"instock","low_stock":false,"_links":{"self":[{"href":"https:\/\/modamentha.com.br\/index.php?rest_route=\/wp\/v2\/product\/92386"}],"collection":[{"href":"https:\/\/modamentha.com.br\/index.php?rest_route=\/wp\/v2\/product"}],"about":[{"href":"https:\/\/modamentha.com.br\/index.php?rest_route=\/wp\/v2\/types\/product"}],"wp:featuredmedia":[{"embeddable":true,"href":"https:\/\/modamentha.com.br\/index.php?rest_route=\/wp\/v2\/media\/92354"}],"wp:attachment":[{"href":"https:\/\/modamentha.com.br\/index.php?rest_route=%2Fwp%2Fv2%2Fmedia&parent=92386"}],"curies":[{"name":"wp","href":"https:\/\/api.w.org\/{rel}","templated":true}]}}