{"id":92477,"date":"2026-05-06T11:40:01","date_gmt":"2026-05-06T14:40:01","guid":{"rendered":"https:\/\/modamentha.com.br\/?post_type=product&#038;p=92477"},"modified":"2026-05-14T14:03:09","modified_gmt":"2026-05-14T17:03:09","slug":"jaqueta-twill-bomber","status":"publish","type":"product","link":"https:\/\/modamentha.com.br\/?product=jaqueta-twill-bomber","title":{"rendered":"Jaqueta Twill Bomber"},"content":{"rendered":"","protected":false},"excerpt":{"rendered":"<p>Jaqueta bomber em alfaiataria mista texturizada. Possui gola com bot\u00e3o forrado, z\u00edper de metal destac\u00e1vel na frente, el\u00e1stico na cintura, punho, vivo na frente e corpo forrado.<\/p>\n<p>Composi\u00e7\u00e3o:<br \/>\n92% VISCOSE 8% POLI\u00c9STER | FORRO 100% POLI\u00c9STER<\/p>\n<p>MEDIDAS:<br \/>\nBusto: P:98cm |M:102cm |G:106cm<br \/>\nComprimento Manga: P:59cm |M:60cm |G:61cm<br \/>\nComprimento Total: P:52cm |M:52cm |G:52cm <\/p>\n","protected":false},"featured_media":92498,"template":"","meta":{"spay_email":""},"supplier_id":null,"supplier_sku":"","atum_controlled":true,"out_stock_date":null,"out_stock_threshold":null,"inheritable":true,"inbound_stock":0,"stock_on_hold":0,"sold_today":null,"sales_last_days":null,"reserved_stock":0,"customer_returns":0,"warehouse_damage":0,"lost_in_post":0,"other_logs":0,"out_stock_days":null,"lost_sales":null,"has_location":false,"update_date":"2026-05-06T18:21:39","atum_locations":[],"atum_stock_status":"instock","low_stock":false,"_links":{"self":[{"href":"https:\/\/modamentha.com.br\/index.php?rest_route=\/wp\/v2\/product\/92477"}],"collection":[{"href":"https:\/\/modamentha.com.br\/index.php?rest_route=\/wp\/v2\/product"}],"about":[{"href":"https:\/\/modamentha.com.br\/index.php?rest_route=\/wp\/v2\/types\/product"}],"wp:featuredmedia":[{"embeddable":true,"href":"https:\/\/modamentha.com.br\/index.php?rest_route=\/wp\/v2\/media\/92498"}],"wp:attachment":[{"href":"https:\/\/modamentha.com.br\/index.php?rest_route=%2Fwp%2Fv2%2Fmedia&parent=92477"}],"curies":[{"name":"wp","href":"https:\/\/api.w.org\/{rel}","templated":true}]}}