{"id":92545,"date":"2026-05-06T16:51:24","date_gmt":"2026-05-06T19:51:24","guid":{"rendered":"https:\/\/modamentha.com.br\/?post_type=product&#038;p=92545"},"modified":"2026-05-09T13:48:41","modified_gmt":"2026-05-09T16:48:41","slug":"blusa-gola-alta-degage","status":"publish","type":"product","link":"https:\/\/modamentha.com.br\/?product=blusa-gola-alta-degage","title":{"rendered":"Blusa Gola Alta Degag\u00ea"},"content":{"rendered":"","protected":false},"excerpt":{"rendered":"<p>Blusa em alfaiataria leve. Possui gola alta degag\u00ea, el\u00e1stico no punho e fechamento em bot\u00e3o nas costas.<\/p>\n<p>Composi\u00e7\u00e3o:<br \/>\n100% POLI\u00c9STER <\/p>\n<p>MEDIDAS:<br \/>\nBusto: P:92cm |M:96cm |G:100cm<br \/>\nComprimento Manga: P:62cm |M:62,5cm |G:63cm<br \/>\nComprimento Total: P:61cm |M:62cm |G:63cm <\/p>\n","protected":false},"featured_media":92482,"template":"","meta":{"spay_email":""},"supplier_id":null,"supplier_sku":"","atum_controlled":true,"out_stock_date":null,"out_stock_threshold":null,"inheritable":true,"inbound_stock":0,"stock_on_hold":0,"sold_today":null,"sales_last_days":null,"reserved_stock":0,"customer_returns":0,"warehouse_damage":0,"lost_in_post":0,"other_logs":0,"out_stock_days":null,"lost_sales":null,"has_location":false,"update_date":"2026-05-06T23:02:20","atum_locations":[],"atum_stock_status":"instock","low_stock":false,"_links":{"self":[{"href":"https:\/\/modamentha.com.br\/index.php?rest_route=\/wp\/v2\/product\/92545"}],"collection":[{"href":"https:\/\/modamentha.com.br\/index.php?rest_route=\/wp\/v2\/product"}],"about":[{"href":"https:\/\/modamentha.com.br\/index.php?rest_route=\/wp\/v2\/types\/product"}],"wp:featuredmedia":[{"embeddable":true,"href":"https:\/\/modamentha.com.br\/index.php?rest_route=\/wp\/v2\/media\/92482"}],"wp:attachment":[{"href":"https:\/\/modamentha.com.br\/index.php?rest_route=%2Fwp%2Fv2%2Fmedia&parent=92545"}],"curies":[{"name":"wp","href":"https:\/\/api.w.org\/{rel}","templated":true}]}}