{"id":92621,"date":"2026-05-07T17:26:50","date_gmt":"2026-05-07T20:26:50","guid":{"rendered":"https:\/\/modamentha.com.br\/?post_type=product&#038;p=92621"},"modified":"2026-05-12T11:14:24","modified_gmt":"2026-05-12T14:14:24","slug":"sueter-tricot-basiquinho","status":"publish","type":"product","link":"https:\/\/modamentha.com.br\/?product=sueter-tricot-basiquinho","title":{"rendered":"Su\u00e9ter Tricot Basiquinho"},"content":{"rendered":"","protected":false},"excerpt":{"rendered":"<p>Composi\u00e7\u00e3o:<br \/>\n50% Viscose<br \/>\n28% Poli\u00e9ster<br \/>\n22% Poliamida<\/p>\n","protected":false},"featured_media":92619,"template":"","meta":{"spay_email":""},"supplier_id":null,"supplier_sku":"","atum_controlled":true,"out_stock_date":null,"out_stock_threshold":null,"inheritable":true,"inbound_stock":0,"stock_on_hold":0,"sold_today":null,"sales_last_days":null,"reserved_stock":0,"customer_returns":0,"warehouse_damage":0,"lost_in_post":0,"other_logs":0,"out_stock_days":null,"lost_sales":null,"has_location":false,"update_date":"2026-05-08T00:00:42","atum_locations":[],"atum_stock_status":"instock","low_stock":false,"_links":{"self":[{"href":"https:\/\/modamentha.com.br\/index.php?rest_route=\/wp\/v2\/product\/92621"}],"collection":[{"href":"https:\/\/modamentha.com.br\/index.php?rest_route=\/wp\/v2\/product"}],"about":[{"href":"https:\/\/modamentha.com.br\/index.php?rest_route=\/wp\/v2\/types\/product"}],"wp:featuredmedia":[{"embeddable":true,"href":"https:\/\/modamentha.com.br\/index.php?rest_route=\/wp\/v2\/media\/92619"}],"wp:attachment":[{"href":"https:\/\/modamentha.com.br\/index.php?rest_route=%2Fwp%2Fv2%2Fmedia&parent=92621"}],"curies":[{"name":"wp","href":"https:\/\/api.w.org\/{rel}","templated":true}]}}