{"id":92723,"date":"2026-05-08T16:01:14","date_gmt":"2026-05-08T19:01:14","guid":{"rendered":"https:\/\/modamentha.com.br\/?post_type=product&#038;p=92723"},"modified":"2026-05-15T07:06:44","modified_gmt":"2026-05-15T10:06:44","slug":"blusa-tule-5","status":"publish","type":"product","link":"https:\/\/modamentha.com.br\/?product=blusa-tule-5","title":{"rendered":"Blusa Tule"},"content":{"rendered":"","protected":false},"excerpt":{"rendered":"<p>Blusa em tule leve, com mangas longas e abertura para o dedo, que garante estilo e conforto. Pe\u00e7a moderna, ideal para sobreposi\u00e7\u00f5es e produ\u00e7\u00f5es cheias de atitude.<\/p>\n<p>Composi\u00e7\u00e3o:<br \/>\n96% Poliamida<br \/>\n04% Elastano<\/p>\n","protected":false},"featured_media":92643,"template":"","meta":{"spay_email":""},"supplier_id":null,"supplier_sku":"","atum_controlled":true,"out_stock_date":null,"out_stock_threshold":null,"inheritable":true,"inbound_stock":0,"stock_on_hold":0,"sold_today":1,"sales_last_days":1,"reserved_stock":0,"customer_returns":0,"warehouse_damage":0,"lost_in_post":0,"other_logs":0,"out_stock_days":null,"lost_sales":0,"has_location":false,"update_date":"2026-05-15T15:18:30","atum_locations":[],"atum_stock_status":"instock","low_stock":false,"_links":{"self":[{"href":"https:\/\/modamentha.com.br\/index.php?rest_route=\/wp\/v2\/product\/92723"}],"collection":[{"href":"https:\/\/modamentha.com.br\/index.php?rest_route=\/wp\/v2\/product"}],"about":[{"href":"https:\/\/modamentha.com.br\/index.php?rest_route=\/wp\/v2\/types\/product"}],"wp:featuredmedia":[{"embeddable":true,"href":"https:\/\/modamentha.com.br\/index.php?rest_route=\/wp\/v2\/media\/92643"}],"wp:attachment":[{"href":"https:\/\/modamentha.com.br\/index.php?rest_route=%2Fwp%2Fv2%2Fmedia&parent=92723"}],"curies":[{"name":"wp","href":"https:\/\/api.w.org\/{rel}","templated":true}]}}