{"id":92809,"date":"2026-05-09T09:58:21","date_gmt":"2026-05-09T12:58:21","guid":{"rendered":"https:\/\/modamentha.com.br\/?post_type=product&#038;p=92809"},"modified":"2026-05-09T09:58:21","modified_gmt":"2026-05-09T12:58:21","slug":"calca-reta","status":"publish","type":"product","link":"https:\/\/modamentha.com.br\/?product=calca-reta","title":{"rendered":"Cal\u00e7a Reta"},"content":{"rendered":"","protected":false},"excerpt":{"rendered":"<p>Cal\u00e7a reta com c\u00f3s el\u00e1stico<\/p>\n<p>Composi\u00e7\u00e3o:<br \/>\n90% VISCOSE 10% POLIESTER<\/p>\n","protected":false},"featured_media":92772,"template":"","meta":{"spay_email":""},"supplier_id":null,"supplier_sku":"","atum_controlled":true,"out_stock_date":null,"out_stock_threshold":null,"inheritable":true,"inbound_stock":0,"stock_on_hold":0,"sold_today":null,"sales_last_days":null,"reserved_stock":0,"customer_returns":0,"warehouse_damage":0,"lost_in_post":0,"other_logs":0,"out_stock_days":null,"lost_sales":null,"has_location":false,"update_date":"2026-05-09T16:11:43","atum_locations":[],"atum_stock_status":"instock","low_stock":false,"_links":{"self":[{"href":"https:\/\/modamentha.com.br\/index.php?rest_route=\/wp\/v2\/product\/92809"}],"collection":[{"href":"https:\/\/modamentha.com.br\/index.php?rest_route=\/wp\/v2\/product"}],"about":[{"href":"https:\/\/modamentha.com.br\/index.php?rest_route=\/wp\/v2\/types\/product"}],"wp:featuredmedia":[{"embeddable":true,"href":"https:\/\/modamentha.com.br\/index.php?rest_route=\/wp\/v2\/media\/92772"}],"wp:attachment":[{"href":"https:\/\/modamentha.com.br\/index.php?rest_route=%2Fwp%2Fv2%2Fmedia&parent=92809"}],"curies":[{"name":"wp","href":"https:\/\/api.w.org\/{rel}","templated":true}]}}