{"id":92921,"date":"2026-05-11T20:43:06","date_gmt":"2026-05-11T23:43:06","guid":{"rendered":"https:\/\/modamentha.com.br\/?post_type=product&#038;p=92921"},"modified":"2026-05-11T21:31:33","modified_gmt":"2026-05-12T00:31:33","slug":"regata-gola-alta-4","status":"publish","type":"product","link":"https:\/\/modamentha.com.br\/?product=regata-gola-alta-4","title":{"rendered":"Regata Gola Alta"},"content":{"rendered":"","protected":false},"excerpt":{"rendered":"<p>Elegante e vers\u00e1til, a blusa de gola alta traz bot\u00f5es dourados diferenciados que adicionam charme ao visual. Com modelagem slim e tecido canelado, valoriza a silhueta e \u00e9 perfeita para compor looks do dia a dia ao office look.<\/p>\n<p>Detalhes da pe\u00e7a:<br \/>\nTecido Canelado Slim<br \/>\nSem manga<br \/>\nGola alta<br \/>\nComprimento regular<br \/>\nDetalhe de bot\u00e3o diferenciado <\/p>\n<p>Composi\u00e7\u00e3o:<br \/>\n92% VISCOSE &#8211; 8% ELASTANO<\/p>\n","protected":false},"featured_media":92866,"template":"","meta":{"spay_email":""},"supplier_id":null,"supplier_sku":"","atum_controlled":true,"out_stock_date":null,"out_stock_threshold":null,"inheritable":true,"inbound_stock":0,"stock_on_hold":0,"sold_today":null,"sales_last_days":null,"reserved_stock":0,"customer_returns":0,"warehouse_damage":0,"lost_in_post":0,"other_logs":0,"out_stock_days":null,"lost_sales":null,"has_location":false,"update_date":"2026-05-12T03:29:29","atum_locations":[],"atum_stock_status":"instock","low_stock":false,"_links":{"self":[{"href":"https:\/\/modamentha.com.br\/index.php?rest_route=\/wp\/v2\/product\/92921"}],"collection":[{"href":"https:\/\/modamentha.com.br\/index.php?rest_route=\/wp\/v2\/product"}],"about":[{"href":"https:\/\/modamentha.com.br\/index.php?rest_route=\/wp\/v2\/types\/product"}],"wp:featuredmedia":[{"embeddable":true,"href":"https:\/\/modamentha.com.br\/index.php?rest_route=\/wp\/v2\/media\/92866"}],"wp:attachment":[{"href":"https:\/\/modamentha.com.br\/index.php?rest_route=%2Fwp%2Fv2%2Fmedia&parent=92921"}],"curies":[{"name":"wp","href":"https:\/\/api.w.org\/{rel}","templated":true}]}}