{"id":92934,"date":"2026-05-11T20:47:21","date_gmt":"2026-05-11T23:47:21","guid":{"rendered":"https:\/\/modamentha.com.br\/?post_type=product&#038;p=92934"},"modified":"2026-05-14T11:59:41","modified_gmt":"2026-05-14T14:59:41","slug":"blusa-dtalhe-vazado-ombro","status":"publish","type":"product","link":"https:\/\/modamentha.com.br\/?product=blusa-dtalhe-vazado-ombro","title":{"rendered":"Blusa Dtalhe Vazado Ombro"},"content":{"rendered":"","protected":false},"excerpt":{"rendered":"<p>Blusa com detalhe vazado no ombro, gola alta e manga curta \u00e9 uma pe\u00e7a sensual e elegante que pode ser usada em diversas ocasi\u00f5es. Ela \u00e9 perfeita para quem quer adicionar um toque de estilo ao seu look, sem abrir m\u00e3o do conforto.<\/p>\n<p>Composi\u00e7\u00e3o:<br \/>\n92% Viscose<br \/>\n08% Elastano<\/p>\n","protected":false},"featured_media":92863,"template":"","meta":{"spay_email":""},"supplier_id":null,"supplier_sku":"","atum_controlled":true,"out_stock_date":null,"out_stock_threshold":null,"inheritable":true,"inbound_stock":0,"stock_on_hold":0,"sold_today":null,"sales_last_days":null,"reserved_stock":0,"customer_returns":0,"warehouse_damage":0,"lost_in_post":0,"other_logs":0,"out_stock_days":null,"lost_sales":null,"has_location":false,"update_date":"2026-05-12T03:29:26","atum_locations":[],"atum_stock_status":"instock","low_stock":false,"_links":{"self":[{"href":"https:\/\/modamentha.com.br\/index.php?rest_route=\/wp\/v2\/product\/92934"}],"collection":[{"href":"https:\/\/modamentha.com.br\/index.php?rest_route=\/wp\/v2\/product"}],"about":[{"href":"https:\/\/modamentha.com.br\/index.php?rest_route=\/wp\/v2\/types\/product"}],"wp:featuredmedia":[{"embeddable":true,"href":"https:\/\/modamentha.com.br\/index.php?rest_route=\/wp\/v2\/media\/92863"}],"wp:attachment":[{"href":"https:\/\/modamentha.com.br\/index.php?rest_route=%2Fwp%2Fv2%2Fmedia&parent=92934"}],"curies":[{"name":"wp","href":"https:\/\/api.w.org\/{rel}","templated":true}]}}